{"id":72,"date":"2026-02-04T01:22:19","date_gmt":"2026-02-04T01:22:19","guid":{"rendered":"https:\/\/codigo-qr.mx\/blog\/?page_id=72"},"modified":"2026-02-05T03:15:48","modified_gmt":"2026-02-05T03:15:48","slug":"contenido","status":"publish","type":"page","link":"https:\/\/codigo-qr.mx\/blog\/","title":{"rendered":"Contenido"},"content":{"rendered":"<p>[et_pb_section fb_built=\u00bb1&#8243; fullwidth=\u00bbon\u00bb _builder_version=\u00bb4.27.5&#8243; _module_preset=\u00bbdefault\u00bb global_colors_info=\u00bb{}\u00bb][et_pb_fullwidth_slider _builder_version=\u00bb4.27.5&#8243; _module_preset=\u00bbdefault\u00bb custom_padding=\u00bb150px||150px|||\u00bb global_colors_info=\u00bb{}\u00bb][et_pb_slide heading=\u00bbBienvenido a Nuestro Blog\u00bb _builder_version=\u00bb4.27.5&#8243; _module_preset=\u00bbdefault\u00bb header_font=\u00bbLato|700|||||||\u00bb header_text_align=\u00bbleft\u00bb header_font_size=\u00bb50px\u00bb body_font=\u00bbLato||||||||\u00bb body_text_align=\u00bbleft\u00bb body_font_size=\u00bb22px\u00bb background_image=\u00bbhttps:\/\/codigo-qr.mx\/blog\/wp-content\/uploads\/2026\/02\/banner-blog-1.jpg\u00bb background_enable_image=\u00bbon\u00bb global_colors_info=\u00bb{}\u00bb sticky_transition=\u00bbon\u00bb]<\/p>\n<p><span>Aqui encontraras noticias de tecnologia relevantes, tutoriales<\/span><br \/><span>y casos de como utilizar tus c\u00f3digos QR generados y aprovecharlos al m\u00e1ximo.<\/span><\/p>\n<p>[\/et_pb_slide][\/et_pb_fullwidth_slider][\/et_pb_section][et_pb_section fb_built=\u00bb1&#8243; _builder_version=\u00bb4.27.5&#8243; _module_preset=\u00bbdefault\u00bb background_color=\u00bb#f5f5f5&#8243; global_colors_info=\u00bb{}\u00bb][et_pb_row _builder_version=\u00bb4.27.5&#8243; _module_preset=\u00bbdefault\u00bb width=\u00bb90%\u00bb max_width=\u00bb1980px\u00bb global_colors_info=\u00bb{}\u00bb][et_pb_column type=\u00bb4_4&#8243; _builder_version=\u00bb4.27.5&#8243; _module_preset=\u00bbdefault\u00bb global_colors_info=\u00bb{}\u00bb][et_pb_blog fullwidth=\u00bboff\u00bb posts_number=\u00bb20&#8243; include_categories=\u00bball\u00bb excerpt_length=\u00bb150&#8243; show_comments=\u00bbon\u00bb _builder_version=\u00bb4.27.5&#8243; _module_preset=\u00bbdefault\u00bb header_font=\u00bbLato|700|||||||\u00bb header_text_color=\u00bb#16396f\u00bb body_font=\u00bbLato||||||||\u00bb body_text_color=\u00bb#34495e\u00bb meta_font=\u00bbLato|300|||||||\u00bb meta_text_color=\u00bb#34495e\u00bb read_more_font=\u00bbLato|700|||||||\u00bb read_more_text_color=\u00bb#16396f\u00bb read_more_font_size=\u00bb15px\u00bb hover_enabled=\u00bb0&#8243; border_radii=\u00bbon|10px|10px|10px|10px\u00bb border_radii_image=\u00bbon|10px|10px|10px|10px\u00bb box_shadow_style=\u00bbpreset2&#8243; global_colors_info=\u00bb{}\u00bb sticky_enabled=\u00bb0&#8243; border_width_all_last_edited=\u00bboff|desktop\u00bb border_width_all__hover_enabled=\u00bbon|hover\u00bb border_width_all__hover=\u00bb2px\u00bb border_color_all_last_edited=\u00bboff|desktop\u00bb border_color_all__hover_enabled=\u00bbon|hover\u00bb border_color_all__hover=\u00bb#16396f\u00bb][\/et_pb_blog][\/et_pb_column][\/et_pb_row][\/et_pb_section][et_pb_section fb_built=\u00bb1&#8243; _builder_version=\u00bb4.27.5&#8243; _module_preset=\u00bbdefault\u00bb global_colors_info=\u00bb{}\u00bb][et_pb_row column_structure=\u00bb3_5,2_5&#8243; _builder_version=\u00bb4.27.5&#8243; _module_preset=\u00bbdefault\u00bb global_colors_info=\u00bb{}\u00bb][et_pb_column type=\u00bb3_5&#8243; _builder_version=\u00bb4.27.5&#8243; _module_preset=\u00bbdefault\u00bb global_colors_info=\u00bb{}\u00bb][et_pb_text _builder_version=\u00bb4.27.5&#8243; _module_preset=\u00bbdefault\u00bb text_font=\u00bbLato|700|||||||\u00bb text_text_color=\u00bb#16396f\u00bb text_font_size=\u00bb25px\u00bb header_2_font=\u00bbLato|900|||||||\u00bb header_2_text_color=\u00bb#16396f\u00bb header_2_font_size=\u00bb30px\u00bb global_colors_info=\u00bb{}\u00bb]<\/p>\n<h2 class=\"fw-bold mb-3\"><span class=\"fw-bolder\">\u00a1Crea tu cuenta hoy en codigo-qr.mx<\/span>!<\/h2>\n<p>[\/et_pb_text][et_pb_text _builder_version=\u00bb4.27.5&#8243; _module_preset=\u00bbdefault\u00bb header_2_font=\u00bbLato||||||||\u00bb header_2_text_color=\u00bb#34495e\u00bb header_2_font_size=\u00bb24px\u00bb global_colors_info=\u00bb{}\u00bb]<\/p>\n<h2 class=\"fw-bold mb-3\"><span>Genera, personaliza y analiza tus c\u00f3digos QR de manera f\u00e1cil y profesional. \u00a1Empieza ahora y lleva tu negocio al siguiente nivel!<\/span><\/h2>\n<p>[\/et_pb_text][\/et_pb_column][et_pb_column type=\u00bb2_5&#8243; _builder_version=\u00bb4.27.5&#8243; _module_preset=\u00bbdefault\u00bb global_colors_info=\u00bb{}\u00bb][et_pb_button button_url=\u00bbhttps:\/\/codigo-qr.mx\/auth\/signup\u00bb button_text=\u00bbCrear mi cuenta gratis\u00bb button_alignment=\u00bbcenter\u00bb _builder_version=\u00bb4.27.5&#8243; _module_preset=\u00bbdefault\u00bb custom_button=\u00bbon\u00bb button_text_color=\u00bb#FFFFFF\u00bb button_bg_use_color_gradient=\u00bbon\u00bb button_bg_color_gradient_direction=\u00bb119deg\u00bb button_bg_color_gradient_stops=\u00bb#16396f 0%|#29c4a9 100%\u00bb button_border_width=\u00bb0px\u00bb button_border_radius=\u00bb10px\u00bb button_font=\u00bbLato|700|||||||\u00bb button_icon=\u00bb&#xf007;||fa||900&#8243; custom_padding=\u00bb10px|20px|10px|20px|false|false\u00bb box_shadow_style=\u00bbpreset1&#8243; global_colors_info=\u00bb{}\u00bb][\/et_pb_button][\/et_pb_column][\/et_pb_row][\/et_pb_section]<\/p>\n","protected":false},"excerpt":{"rendered":"<p>Aqui encontraras noticias de tecnologia relevantes, tutorialesy casos de como utilizar tus c\u00f3digos QR generados y aprovecharlos al m\u00e1ximo.\u00a1Crea tu cuenta hoy en codigo-qr.mx!Genera, personaliza y analiza tus c\u00f3digos QR de manera f\u00e1cil y profesional. \u00a1Empieza ahora y lleva tu negocio al siguiente nivel!<\/p>\n","protected":false},"author":1,"featured_media":0,"parent":0,"menu_order":0,"comment_status":"closed","ping_status":"closed","template":"","meta":{"_et_pb_use_builder":"on","_et_pb_old_content":"","_et_gb_content_width":"","footnotes":""},"class_list":["post-72","page","type-page","status-publish","hentry"],"yoast_head":"<!-- This site is optimized with the Yoast SEO plugin v26.9 - https:\/\/yoast.com\/product\/yoast-seo-wordpress\/ -->\n<title>Contenido - C\u00f3digo QR<\/title>\n<meta name=\"robots\" content=\"index, follow, max-snippet:-1, max-image-preview:large, max-video-preview:-1\" \/>\n<link rel=\"canonical\" href=\"https:\/\/codigo-qr.mx\/blog\/\" \/>\n<meta property=\"og:locale\" content=\"es_ES\" \/>\n<meta property=\"og:type\" content=\"article\" \/>\n<meta property=\"og:title\" content=\"Contenido - C\u00f3digo QR\" \/>\n<meta property=\"og:description\" content=\"Aqui encontraras noticias de tecnologia relevantes, tutorialesy casos de como utilizar tus c\u00f3digos QR generados y aprovecharlos al m\u00e1ximo.\u00a1Crea tu cuenta hoy en codigo-qr.mx!Genera, personaliza y analiza tus c\u00f3digos QR de manera f\u00e1cil y profesional. \u00a1Empieza ahora y lleva tu negocio al siguiente nivel!\" \/>\n<meta property=\"og:url\" content=\"https:\/\/codigo-qr.mx\/blog\/\" \/>\n<meta property=\"og:site_name\" content=\"C\u00f3digo QR\" \/>\n<meta property=\"article:publisher\" content=\"https:\/\/www.facebook.com\/CodigoQRMexico\" \/>\n<meta property=\"article:modified_time\" content=\"2026-02-05T03:15:48+00:00\" \/>\n<meta property=\"og:image\" content=\"https:\/\/codigo-qr.mx\/blog\/wp-content\/uploads\/2026\/02\/des-que-son-los-codigos-qr.jpg\" \/>\n\t<meta property=\"og:image:width\" content=\"950\" \/>\n\t<meta property=\"og:image:height\" content=\"650\" \/>\n\t<meta property=\"og:image:type\" content=\"image\/jpeg\" \/>\n<meta name=\"twitter:card\" content=\"summary_large_image\" \/>\n<meta name=\"twitter:label1\" content=\"Tiempo de lectura\" \/>\n\t<meta name=\"twitter:data1\" content=\"3 minutos\" \/>\n<script type=\"application\/ld+json\" class=\"yoast-schema-graph\">{\"@context\":\"https:\/\/schema.org\",\"@graph\":[{\"@type\":\"WebPage\",\"@id\":\"https:\/\/codigo-qr.mx\/blog\/\",\"url\":\"https:\/\/codigo-qr.mx\/blog\/\",\"name\":\"Contenido - C\u00f3digo QR\",\"isPartOf\":{\"@id\":\"https:\/\/codigo-qr.mx\/blog\/#website\"},\"datePublished\":\"2026-02-04T01:22:19+00:00\",\"dateModified\":\"2026-02-05T03:15:48+00:00\",\"breadcrumb\":{\"@id\":\"https:\/\/codigo-qr.mx\/blog\/#breadcrumb\"},\"inLanguage\":\"es\",\"potentialAction\":[{\"@type\":\"ReadAction\",\"target\":[\"https:\/\/codigo-qr.mx\/blog\/\"]}]},{\"@type\":\"BreadcrumbList\",\"@id\":\"https:\/\/codigo-qr.mx\/blog\/#breadcrumb\",\"itemListElement\":[{\"@type\":\"ListItem\",\"position\":1,\"name\":\"Portada\",\"item\":\"https:\/\/codigo-qr.mx\/blog\/\"},{\"@type\":\"ListItem\",\"position\":2,\"name\":\"Contenido\"}]},{\"@type\":\"WebSite\",\"@id\":\"https:\/\/codigo-qr.mx\/blog\/#website\",\"url\":\"https:\/\/codigo-qr.mx\/blog\/\",\"name\":\"C\u00f3digo QR\",\"description\":\"Genera y descarga c\u00f3digos qr de forma facil y rapida\",\"publisher\":{\"@id\":\"https:\/\/codigo-qr.mx\/blog\/#organization\"},\"alternateName\":\"C\u00f3digo qr\",\"potentialAction\":[{\"@type\":\"SearchAction\",\"target\":{\"@type\":\"EntryPoint\",\"urlTemplate\":\"https:\/\/codigo-qr.mx\/blog\/?s={search_term_string}\"},\"query-input\":{\"@type\":\"PropertyValueSpecification\",\"valueRequired\":true,\"valueName\":\"search_term_string\"}}],\"inLanguage\":\"es\"},{\"@type\":\"Organization\",\"@id\":\"https:\/\/codigo-qr.mx\/blog\/#organization\",\"name\":\"C\u00f3digo QR\",\"url\":\"https:\/\/codigo-qr.mx\/blog\/\",\"logo\":{\"@type\":\"ImageObject\",\"inLanguage\":\"es\",\"@id\":\"https:\/\/codigo-qr.mx\/blog\/#\/schema\/logo\/image\/\",\"url\":\"https:\/\/codigo-qr.mx\/blog\/wp-content\/uploads\/2026\/02\/logo-2026.png\",\"contentUrl\":\"https:\/\/codigo-qr.mx\/blog\/wp-content\/uploads\/2026\/02\/logo-2026.png\",\"width\":150,\"height\":50,\"caption\":\"C\u00f3digo QR\"},\"image\":{\"@id\":\"https:\/\/codigo-qr.mx\/blog\/#\/schema\/logo\/image\/\"},\"sameAs\":[\"https:\/\/www.facebook.com\/CodigoQRMexico\",\"https:\/\/www.instagram.com\/codigoqrmexico\/\"]}]}<\/script>\n<!-- \/ Yoast SEO plugin. -->","yoast_head_json":{"title":"Contenido - C\u00f3digo QR","robots":{"index":"index","follow":"follow","max-snippet":"max-snippet:-1","max-image-preview":"max-image-preview:large","max-video-preview":"max-video-preview:-1"},"canonical":"https:\/\/codigo-qr.mx\/blog\/","og_locale":"es_ES","og_type":"article","og_title":"Contenido - C\u00f3digo QR","og_description":"Aqui encontraras noticias de tecnologia relevantes, tutorialesy casos de como utilizar tus c\u00f3digos QR generados y aprovecharlos al m\u00e1ximo.\u00a1Crea tu cuenta hoy en codigo-qr.mx!Genera, personaliza y analiza tus c\u00f3digos QR de manera f\u00e1cil y profesional. \u00a1Empieza ahora y lleva tu negocio al siguiente nivel!","og_url":"https:\/\/codigo-qr.mx\/blog\/","og_site_name":"C\u00f3digo QR","article_publisher":"https:\/\/www.facebook.com\/CodigoQRMexico","article_modified_time":"2026-02-05T03:15:48+00:00","og_image":[{"width":950,"height":650,"url":"https:\/\/codigo-qr.mx\/blog\/wp-content\/uploads\/2026\/02\/des-que-son-los-codigos-qr.jpg","type":"image\/jpeg"}],"twitter_card":"summary_large_image","twitter_misc":{"Tiempo de lectura":"3 minutos"},"schema":{"@context":"https:\/\/schema.org","@graph":[{"@type":"WebPage","@id":"https:\/\/codigo-qr.mx\/blog\/","url":"https:\/\/codigo-qr.mx\/blog\/","name":"Contenido - C\u00f3digo QR","isPartOf":{"@id":"https:\/\/codigo-qr.mx\/blog\/#website"},"datePublished":"2026-02-04T01:22:19+00:00","dateModified":"2026-02-05T03:15:48+00:00","breadcrumb":{"@id":"https:\/\/codigo-qr.mx\/blog\/#breadcrumb"},"inLanguage":"es","potentialAction":[{"@type":"ReadAction","target":["https:\/\/codigo-qr.mx\/blog\/"]}]},{"@type":"BreadcrumbList","@id":"https:\/\/codigo-qr.mx\/blog\/#breadcrumb","itemListElement":[{"@type":"ListItem","position":1,"name":"Portada","item":"https:\/\/codigo-qr.mx\/blog\/"},{"@type":"ListItem","position":2,"name":"Contenido"}]},{"@type":"WebSite","@id":"https:\/\/codigo-qr.mx\/blog\/#website","url":"https:\/\/codigo-qr.mx\/blog\/","name":"C\u00f3digo QR","description":"Genera y descarga c\u00f3digos qr de forma facil y rapida","publisher":{"@id":"https:\/\/codigo-qr.mx\/blog\/#organization"},"alternateName":"C\u00f3digo qr","potentialAction":[{"@type":"SearchAction","target":{"@type":"EntryPoint","urlTemplate":"https:\/\/codigo-qr.mx\/blog\/?s={search_term_string}"},"query-input":{"@type":"PropertyValueSpecification","valueRequired":true,"valueName":"search_term_string"}}],"inLanguage":"es"},{"@type":"Organization","@id":"https:\/\/codigo-qr.mx\/blog\/#organization","name":"C\u00f3digo QR","url":"https:\/\/codigo-qr.mx\/blog\/","logo":{"@type":"ImageObject","inLanguage":"es","@id":"https:\/\/codigo-qr.mx\/blog\/#\/schema\/logo\/image\/","url":"https:\/\/codigo-qr.mx\/blog\/wp-content\/uploads\/2026\/02\/logo-2026.png","contentUrl":"https:\/\/codigo-qr.mx\/blog\/wp-content\/uploads\/2026\/02\/logo-2026.png","width":150,"height":50,"caption":"C\u00f3digo QR"},"image":{"@id":"https:\/\/codigo-qr.mx\/blog\/#\/schema\/logo\/image\/"},"sameAs":["https:\/\/www.facebook.com\/CodigoQRMexico","https:\/\/www.instagram.com\/codigoqrmexico\/"]}]}},"_links":{"self":[{"href":"https:\/\/codigo-qr.mx\/blog\/wp-json\/wp\/v2\/pages\/72","targetHints":{"allow":["GET"]}}],"collection":[{"href":"https:\/\/codigo-qr.mx\/blog\/wp-json\/wp\/v2\/pages"}],"about":[{"href":"https:\/\/codigo-qr.mx\/blog\/wp-json\/wp\/v2\/types\/page"}],"author":[{"embeddable":true,"href":"https:\/\/codigo-qr.mx\/blog\/wp-json\/wp\/v2\/users\/1"}],"replies":[{"embeddable":true,"href":"https:\/\/codigo-qr.mx\/blog\/wp-json\/wp\/v2\/comments?post=72"}],"version-history":[{"count":10,"href":"https:\/\/codigo-qr.mx\/blog\/wp-json\/wp\/v2\/pages\/72\/revisions"}],"predecessor-version":[{"id":21597,"href":"https:\/\/codigo-qr.mx\/blog\/wp-json\/wp\/v2\/pages\/72\/revisions\/21597"}],"wp:attachment":[{"href":"https:\/\/codigo-qr.mx\/blog\/wp-json\/wp\/v2\/media?parent=72"}],"curies":[{"name":"wp","href":"https:\/\/api.w.org\/{rel}","templated":true}]}}